{"id":2593,"date":"2023-12-01T17:14:46","date_gmt":"2023-12-01T17:14:46","guid":{"rendered":"https:\/\/como-lda.pt\/politica-de-cookies\/"},"modified":"2025-10-03T20:12:25","modified_gmt":"2025-10-03T19:12:25","slug":"politica-de-cookies","status":"publish","type":"page","link":"https:\/\/como-lda.pt\/es\/politica-de-cookies\/","title":{"rendered":"Pol\u00edtica de Cookies"},"content":{"rendered":"<style>.kb-row-layout-id571_89a0e8-37 > .kt-row-column-wrap{align-content:start;}:where(.kb-row-layout-id571_89a0e8-37 > .kt-row-column-wrap) > .wp-block-kadence-column{justify-content:start;}.kb-row-layout-id571_89a0e8-37 > .kt-row-column-wrap{column-gap:var(--global-kb-gap-md, 2rem);row-gap:var(--global-kb-gap-md, 2rem);padding-top:var(--global-kb-spacing-3xl, 6.5rem);padding-bottom:var(--global-kb-spacing-xxl, 5rem);min-height:415px;grid-template-columns:minmax(0, 1fr);}.kb-row-layout-id571_89a0e8-37 > .kt-row-layout-overlay{opacity:0.75;background-image:url('https:\/\/como-lda.pt\/wp-content\/uploads\/2023\/10\/como-lda-padrao-fundo-seccoes-monocromatico.png');background-size:cover;background-position:75% 27%;background-attachment:scroll;background-repeat:no-repeat;}@media all and (max-width: 1024px){.kb-row-layout-id571_89a0e8-37 > .kt-row-column-wrap{grid-template-columns:minmax(0, 1fr);}}@media all and (max-width: 767px){.kb-row-layout-id571_89a0e8-37 > .kt-row-column-wrap{grid-template-columns:minmax(0, 1fr);}}<\/style><div class=\"kb-row-layout-wrap kb-row-layout-id571_89a0e8-37 alignfull has-theme-palette1-background-color kt-row-has-bg wp-block-kadence-rowlayout\"><div class=\"kt-row-layout-overlay kt-row-overlay-normal\"><\/div><div class=\"kt-row-column-wrap kt-has-1-columns kt-row-layout-equal kt-tab-layout-inherit kt-mobile-layout-row kt-row-valign-top\">\n<style>.kadence-column571_4908b6-75 > .kt-inside-inner-col{display:flex;}.kadence-column571_4908b6-75 > .kt-inside-inner-col{padding-bottom:0px;}.kadence-column571_4908b6-75 > .kt-inside-inner-col,.kadence-column571_4908b6-75 > .kt-inside-inner-col:before{border-top-left-radius:0px;border-top-right-radius:0px;border-bottom-right-radius:0px;border-bottom-left-radius:0px;}.kadence-column571_4908b6-75 > .kt-inside-inner-col{column-gap:var(--global-kb-gap-sm, 1rem);}.kadence-column571_4908b6-75 > .kt-inside-inner-col{flex-direction:column;justify-content:flex-start;}.kadence-column571_4908b6-75 > .kt-inside-inner-col > .aligncenter{width:100%;}.kt-row-column-wrap > .kadence-column571_4908b6-75{align-self:flex-start;}.kt-inner-column-height-full:not(.kt-has-1-columns) > .wp-block-kadence-column.kadence-column571_4908b6-75{align-self:auto;}.kt-inner-column-height-full:not(.kt-has-1-columns) > .wp-block-kadence-column.kadence-column571_4908b6-75 > .kt-inside-inner-col{flex-direction:column;justify-content:flex-start;}.kadence-column571_4908b6-75 > .kt-inside-inner-col:before{opacity:0.3;}.kadence-column571_4908b6-75{position:relative;}.kadence-column571_4908b6-75, .kt-inside-inner-col > .kadence-column571_4908b6-75:not(.specificity){margin-bottom:0px;}@media all and (max-width: 1024px){.kt-row-column-wrap > .kadence-column571_4908b6-75{align-self:flex-start;}}@media all and (max-width: 1024px){.kt-inner-column-height-full:not(.kt-has-1-columns) > .wp-block-kadence-column.kadence-column571_4908b6-75{align-self:auto;}}@media all and (max-width: 1024px){.kt-inner-column-height-full:not(.kt-has-1-columns) > .wp-block-kadence-column.kadence-column571_4908b6-75 > .kt-inside-inner-col{flex-direction:column;justify-content:flex-start;}}@media all and (max-width: 1024px){.kadence-column571_4908b6-75 > .kt-inside-inner-col{flex-direction:column;justify-content:flex-start;}}@media all and (max-width: 767px){.kt-row-column-wrap > .kadence-column571_4908b6-75{align-self:flex-start;}.kt-inner-column-height-full:not(.kt-has-1-columns) > .wp-block-kadence-column.kadence-column571_4908b6-75{align-self:auto;}.kt-inner-column-height-full:not(.kt-has-1-columns) > .wp-block-kadence-column.kadence-column571_4908b6-75 > .kt-inside-inner-col{flex-direction:column;justify-content:flex-start;}.kadence-column571_4908b6-75 > .kt-inside-inner-col{flex-direction:column;justify-content:flex-start;}}<\/style>\n<div class=\"wp-block-kadence-column kadence-column571_4908b6-75 kb-section-dir-vertical inner-column-2\"><div class=\"kt-inside-inner-col\"><style>.wp-block-kadence-advancedheading.kt-adv-heading571_fdfae5-a4, .wp-block-kadence-advancedheading.kt-adv-heading571_fdfae5-a4[data-kb-block=\"kb-adv-heading571_fdfae5-a4\"]{padding-bottom:var(--global-kb-spacing-sm, 1.5rem);font-size:var(--global-kb-font-size-sm, 0.9rem);font-weight:400;font-style:normal;text-transform:uppercase;}.wp-block-kadence-advancedheading.kt-adv-heading571_fdfae5-a4 mark.kt-highlight, .wp-block-kadence-advancedheading.kt-adv-heading571_fdfae5-a4[data-kb-block=\"kb-adv-heading571_fdfae5-a4\"] mark.kt-highlight{font-style:normal;color:#f76a0c;-webkit-box-decoration-break:clone;box-decoration-break:clone;padding-top:0px;padding-right:0px;padding-bottom:0px;padding-left:0px;}.wp-block-kadence-advancedheading.kt-adv-heading571_fdfae5-a4 img.kb-inline-image, .wp-block-kadence-advancedheading.kt-adv-heading571_fdfae5-a4[data-kb-block=\"kb-adv-heading571_fdfae5-a4\"] img.kb-inline-image{width:150px;vertical-align:baseline;}<\/style>\n<div class=\"kt-adv-heading571_fdfae5-a4 wp-block-kadence-advancedheading has-theme-palette-8-color has-text-color\" data-kb-block=\"kb-adv-heading571_fdfae5-a4\"><\/div>\n\n\n<style>.wp-block-kadence-advancedheading.kt-adv-heading571_3b5156-e9, .wp-block-kadence-advancedheading.kt-adv-heading571_3b5156-e9[data-kb-block=\"kb-adv-heading571_3b5156-e9\"]{padding-top:0px;padding-bottom:var(--global-kb-spacing-sm, 1.5rem);margin-top:0px;margin-bottom:0px;font-size:var(--global-kb-font-size-xl, 3rem);line-height:1;font-style:normal;}.wp-block-kadence-advancedheading.kt-adv-heading571_3b5156-e9 mark.kt-highlight, .wp-block-kadence-advancedheading.kt-adv-heading571_3b5156-e9[data-kb-block=\"kb-adv-heading571_3b5156-e9\"] mark.kt-highlight{font-style:normal;color:#f76a0c;-webkit-box-decoration-break:clone;box-decoration-break:clone;padding-top:0px;padding-right:0px;padding-bottom:0px;padding-left:0px;}.wp-block-kadence-advancedheading.kt-adv-heading571_3b5156-e9 img.kb-inline-image, .wp-block-kadence-advancedheading.kt-adv-heading571_3b5156-e9[data-kb-block=\"kb-adv-heading571_3b5156-e9\"] img.kb-inline-image{width:150px;vertical-align:baseline;}<\/style>\n<h1 class=\"kt-adv-heading571_3b5156-e9 wp-block-kadence-advancedheading has-theme-palette-9-color has-text-color\" data-kb-block=\"kb-adv-heading571_3b5156-e9\">Pol\u00edtica de Cookies<\/h1>\n\n\n<style>.wp-block-kadence-advancedheading.kt-adv-heading571_de1715-38, .wp-block-kadence-advancedheading.kt-adv-heading571_de1715-38[data-kb-block=\"kb-adv-heading571_de1715-38\"]{padding-top:0px;padding-bottom:var(--global-kb-spacing-sm, 1.5rem);margin-top:0px;margin-bottom:0px;font-size:var(--global-kb-font-size-md, 1.25rem);font-style:normal;}.wp-block-kadence-advancedheading.kt-adv-heading571_de1715-38 mark.kt-highlight, .wp-block-kadence-advancedheading.kt-adv-heading571_de1715-38[data-kb-block=\"kb-adv-heading571_de1715-38\"] mark.kt-highlight{font-style:normal;color:#f76a0c;-webkit-box-decoration-break:clone;box-decoration-break:clone;padding-top:0px;padding-right:0px;padding-bottom:0px;padding-left:0px;}.wp-block-kadence-advancedheading.kt-adv-heading571_de1715-38 img.kb-inline-image, .wp-block-kadence-advancedheading.kt-adv-heading571_de1715-38[data-kb-block=\"kb-adv-heading571_de1715-38\"] img.kb-inline-image{width:150px;vertical-align:baseline;}<\/style>\n<p class=\"kt-adv-heading571_de1715-38 wp-block-kadence-advancedheading has-theme-palette-8-color has-text-color\" data-kb-block=\"kb-adv-heading571_de1715-38\"><\/p>\n<\/div><\/div>\n\n<\/div><\/div><style>.kb-row-layout-id571_9126d1-df > .kt-row-column-wrap{align-content:start;}:where(.kb-row-layout-id571_9126d1-df > .kt-row-column-wrap) > .wp-block-kadence-column{justify-content:start;}.kb-row-layout-id571_9126d1-df > .kt-row-column-wrap{column-gap:var(--global-kb-gap-md, 2rem);row-gap:var(--global-kb-gap-md, 2rem);max-width:var( --global-content-width, 1290px );padding-left:var(--global-content-edge-padding);padding-right:var(--global-content-edge-padding);padding-top:var(--global-kb-spacing-sm, 1.5rem);padding-bottom:var(--global-kb-spacing-sm, 1.5rem);grid-template-columns:minmax(0, 1fr);}.kb-row-layout-id571_9126d1-df > .kt-row-layout-overlay{opacity:0.30;}@media all and (max-width: 1024px){.kb-row-layout-id571_9126d1-df > .kt-row-column-wrap{grid-template-columns:minmax(0, 1fr);}}@media all and (max-width: 767px){.kb-row-layout-id571_9126d1-df > .kt-row-column-wrap{grid-template-columns:minmax(0, 1fr);}}<\/style><div class=\"kb-row-layout-wrap kb-row-layout-id571_9126d1-df alignnone wp-block-kadence-rowlayout\"><div class=\"kt-row-column-wrap kt-has-1-columns kt-row-layout-equal kt-tab-layout-inherit kt-mobile-layout-row kt-row-valign-top kb-theme-content-width\">\n<style>.kadence-column571_0db93c-36 > .kt-inside-inner-col,.kadence-column571_0db93c-36 > .kt-inside-inner-col:before{border-top-left-radius:0px;border-top-right-radius:0px;border-bottom-right-radius:0px;border-bottom-left-radius:0px;}.kadence-column571_0db93c-36 > .kt-inside-inner-col{column-gap:var(--global-kb-gap-sm, 1rem);}.kadence-column571_0db93c-36 > .kt-inside-inner-col{flex-direction:column;}.kadence-column571_0db93c-36 > .kt-inside-inner-col > .aligncenter{width:100%;}.kadence-column571_0db93c-36 > .kt-inside-inner-col:before{opacity:0.3;}.kadence-column571_0db93c-36{position:relative;}@media all and (max-width: 1024px){.kadence-column571_0db93c-36 > .kt-inside-inner-col{flex-direction:column;justify-content:center;}}@media all and (max-width: 767px){.kadence-column571_0db93c-36 > .kt-inside-inner-col{flex-direction:column;justify-content:center;}}<\/style>\n<div class=\"wp-block-kadence-column kadence-column571_0db93c-36\"><div class=\"kt-inside-inner-col\">\n<p>Utilizamos <em>cookies<\/em> en nuestro sitio web. Al navegar, est\u00e1 aceptando la presente pol\u00edtica de cookies y el consecuente uso de <em>cookies<\/em> de acuerdo con las condiciones descritas. <\/p>\n\n\n\n<h3 class=\"wp-block-heading\">\u00bfQu\u00e9 Son y Para Qu\u00e9 Sirven Las Cookies?<\/h3>\n\n\n\n<p>Las <em>cookies<\/em> son peque\u00f1os archivos de informaci\u00f3n que se almacenan en su ordenador, tableta, tel\u00e9fono u otro dispositivo con acceso a Internet, a trav\u00e9s del <em>navegador<\/em>. La informaci\u00f3n retenida por las <em>cookies<\/em> se reenv\u00eda al servidor del sitio web cada vez que el <em>navegador<\/em> abre una de sus p\u00e1ginas. <\/p>\n\n\n\n<p>Las <em>cookies<\/em> ayudan a determinar la utilidad, el inter\u00e9s y los usos de un sitio web, permitiendo una navegaci\u00f3n m\u00e1s r\u00e1pida y eficiente. Evitan la introducci\u00f3n repetida de la misma informaci\u00f3n. <\/p>\n\n\n\n<h3 class=\"wp-block-heading\">\u00bfQu\u00e9 Tipo De Cookies Utilizamos En El Portal?<\/h3>\n\n\n\n<p>Existen dos tipos principales de <em>cookies<\/em>: las de sesi\u00f3n y las permanentes. Las <em>cookies<\/em> de sesi\u00f3n son temporales y solo permanecen en el archivo de <em>cookies<\/em> hasta que el usuario sale del sitio, por lo que se eliminan cuando se cierra el <em>navegador<\/em>. La informaci\u00f3n obtenida sirve para analizar patrones de tr\u00e1fico, lo que facilita la identificaci\u00f3n de problemas. Por su parte, las <g id=\"gid_4\">cookies<\/g> permanentes se guardan hasta que el usuario las elimine manualmente o expire su fecha de validez. Se utilizan siempre que el usuario hace una nueva visita al sitio para ofrecer un servicio m\u00e1s personalizado, ajustando la navegaci\u00f3n a sus intereses.    <\/p>\n\n\n\n<p>De estas, utilizamos <em>cookies<\/em> para varios fines. Las <g id=\"gid_1\">cookies<\/g> anal\u00edticas se utilizan de forma an\u00f3nima con fines estad\u00edsticos. Las <g id=\"gid_2\">cookies<\/g> de funcionalidad guardan las preferencias del usuario. Las <em>cookies<\/em> de terceros miden el \u00e9xito de las aplicaciones y pueden utilizarse para personalizar botones, men\u00fas, iconos y otros componentes de la interfaz gr\u00e1fica con datos del usuario (denominados <em>widgets<\/em>).   <\/p>\n\n\n\n<p>En nuestro sitio web utilizamos los siguientes tipos de cookies:<\/p>\n\n\n\n<h6 class=\"wp-block-heading\">DE SESI\u00d3N<\/h6>\n\n\n\n<ul class=\"wp-block-list\">\n<li><strong>wp-wpml_current_language<\/strong>: la respuesta a la solicitud de autorizaci\u00f3n para el uso de cookies (guardada en su navegador durante seis meses)<\/li>\n<\/ul>\n\n\n\n<h6 class=\"wp-block-heading\">PERMANENTES<\/h6>\n\n\n\n<ul class=\"wp-block-list\">\n<li><strong>cookie_notice_accepted<\/strong>: selecci\u00f3n del idioma del sitio web (se eliminan al finalizar la visita a nuestro sitio)<\/li>\n<\/ul>\n\n\n\n<p>No almacenamos informaci\u00f3n de identificaci\u00f3n personal en las <em>cookies<\/em> que utilizamos. Tampoco usamos las <em>cookies<\/em> para dirigir publicidad a nuestros usuarios en funci\u00f3n de su navegaci\u00f3n, ni para otros fines publicitarios propios o de terceros. <\/p>\n\n\n\n<h3 class=\"wp-block-heading\">\u00bfC\u00f3mo Gestionar Las Cookies?<\/h3>\n\n\n\n<p>Todos los <em>navegadores<\/em> permiten al usuario aceptar, rechazar o eliminar <em>cookies<\/em> en cualquier momento, configurando los ajustes apropiados en el respectivo programa de navegaci\u00f3n. Puede configurar las <em>cookies<\/em> en el men\u00fa \u00abopciones\u00bb o \u00abpreferencias\u00bb de su <em>navegador<\/em>. <\/p>\n\n\n\n<p>Tenga en cuenta que al desactivar las <em>cookies<\/em>, podr\u00eda perder el autocompletado de algunos datos, como los de inicio de sesi\u00f3n, si esta funci\u00f3n existe. Adem\u00e1s, puede impedir que algunos servicios <em>online<\/em> funcionen correctamente, afectando a la navegaci\u00f3n en el sitio. <\/p>\n\n\n\n<p>Si desea revocar las cookies, por favor haga clic en este enlace:  <a href=\"#\" class=\"cn-revoke-cookie cn-button-inline cn-revoke-inline\" title=\"Revogar\">Revogar<\/a> <\/p>\n\n\n\n<h3 class=\"wp-block-heading\">M\u00e1s Informaci\u00f3n<\/h3>\n\n\n\n<p>Para saber m\u00e1s sobre <em>cookies<\/em>, consulte los siguientes enlaces (en ingl\u00e9s):<\/p>\n\n\n\n<p><strong>HTTP Cookies<\/strong><br\/><a href=\"https:\/\/en.wikipedia.org\/wiki\/HTTP_cookie\" class=\"ek-link\" target=\"_blank\" rel=\"noopener\">https:\/\/en.wikipedia.org\/wiki\/HTTP_cookie<\/a><\/p>\n\n\n\n<p><strong>All About Cookies<\/strong><br\/><a href=\"http:\/\/www.allaboutcookies.org\/\" target=\"_blank\" rel=\"noreferrer noopener\">http:\/\/www.allaboutcookies.org\/<\/a><\/p>\n<\/div><\/div>\n\n<\/div><\/div>","protected":false},"excerpt":{"rendered":"<p>Pol\u00edtica de Cookies Utilizamos cookies en nuestro sitio web. Al navegar, est\u00e1 aceptando la presente pol\u00edtica de cookies y el consecuente uso de cookies de acuerdo con las condiciones descritas. \u00bfQu\u00e9 Son y Para Qu\u00e9 Sirven Las Cookies? Las cookies son peque\u00f1os archivos de informaci\u00f3n que se almacenan en su ordenador, tableta, tel\u00e9fono u otro&#8230;<\/p>\n","protected":false},"author":1,"featured_media":53,"parent":0,"menu_order":1,"comment_status":"closed","ping_status":"closed","template":"","meta":{"inline_featured_image":false,"_kad_post_transparent":"","_kad_post_title":"","_kad_post_layout":"","_kad_post_sidebar_id":"","_kad_post_content_style":"","_kad_post_vertical_padding":"","_kad_post_feature":"","_kad_post_feature_position":"","_kad_post_header":false,"_kad_post_footer":false,"_kad_post_classname":"","footnotes":""},"class_list":["post-2593","page","type-page","status-publish","has-post-thumbnail","hentry"],"_links":{"self":[{"href":"https:\/\/como-lda.pt\/es\/wp-json\/wp\/v2\/pages\/2593","targetHints":{"allow":["GET"]}}],"collection":[{"href":"https:\/\/como-lda.pt\/es\/wp-json\/wp\/v2\/pages"}],"about":[{"href":"https:\/\/como-lda.pt\/es\/wp-json\/wp\/v2\/types\/page"}],"author":[{"embeddable":true,"href":"https:\/\/como-lda.pt\/es\/wp-json\/wp\/v2\/users\/1"}],"replies":[{"embeddable":true,"href":"https:\/\/como-lda.pt\/es\/wp-json\/wp\/v2\/comments?post=2593"}],"version-history":[{"count":1,"href":"https:\/\/como-lda.pt\/es\/wp-json\/wp\/v2\/pages\/2593\/revisions"}],"predecessor-version":[{"id":2594,"href":"https:\/\/como-lda.pt\/es\/wp-json\/wp\/v2\/pages\/2593\/revisions\/2594"}],"wp:featuredmedia":[{"embeddable":true,"href":"https:\/\/como-lda.pt\/es\/wp-json\/wp\/v2\/media\/53"}],"wp:attachment":[{"href":"https:\/\/como-lda.pt\/es\/wp-json\/wp\/v2\/media?parent=2593"}],"curies":[{"name":"wp","href":"https:\/\/api.w.org\/{rel}","templated":true}]}}