{"id":2620,"date":"2023-10-08T12:50:37","date_gmt":"2023-10-08T11:50:37","guid":{"rendered":"https:\/\/como-lda.pt\/politica-de-privacidad\/"},"modified":"2025-10-03T20:12:47","modified_gmt":"2025-10-03T19:12:47","slug":"politica-de-privacidad","status":"publish","type":"page","link":"https:\/\/como-lda.pt\/es\/politica-de-privacidad\/","title":{"rendered":"Pol\u00edtica de privacidad"},"content":{"rendered":"<style>.kb-row-layout-id13_60737b-3a > .kt-row-column-wrap{align-content:start;}:where(.kb-row-layout-id13_60737b-3a > .kt-row-column-wrap) > .wp-block-kadence-column{justify-content:start;}.kb-row-layout-id13_60737b-3a > .kt-row-column-wrap{column-gap:var(--global-kb-gap-md, 2rem);row-gap:var(--global-kb-gap-md, 2rem);padding-top:var(--global-kb-spacing-xxl, 5rem);padding-bottom:var(--global-kb-spacing-xxl, 5rem);min-height:415px;grid-template-columns:minmax(0, 1fr);}.kb-row-layout-id13_60737b-3a > .kt-row-layout-overlay{opacity:0.75;background-image:url('https:\/\/como-lda.pt\/wp-content\/uploads\/2023\/10\/como-lda-padrao-fundo-seccoes-monocromatico.png');background-size:cover;background-position:75% 27%;background-attachment:scroll;background-repeat:no-repeat;}@media all and (max-width: 1024px){.kb-row-layout-id13_60737b-3a > .kt-row-column-wrap{grid-template-columns:minmax(0, 1fr);}}@media all and (max-width: 767px){.kb-row-layout-id13_60737b-3a > .kt-row-column-wrap{grid-template-columns:minmax(0, 1fr);}}<\/style><div class=\"kb-row-layout-wrap kb-row-layout-id13_60737b-3a alignfull has-theme-palette1-background-color kt-row-has-bg wp-block-kadence-rowlayout\"><div class=\"kt-row-layout-overlay kt-row-overlay-normal\"><\/div><div class=\"kt-row-column-wrap kt-has-1-columns kt-row-layout-equal kt-tab-layout-inherit kt-mobile-layout-row kt-row-valign-top\">\n<style>.kadence-column13_ad6abc-d4 > .kt-inside-inner-col{display:flex;}.kadence-column13_ad6abc-d4 > .kt-inside-inner-col{padding-bottom:0px;}.kadence-column13_ad6abc-d4 > .kt-inside-inner-col,.kadence-column13_ad6abc-d4 > .kt-inside-inner-col:before{border-top-left-radius:0px;border-top-right-radius:0px;border-bottom-right-radius:0px;border-bottom-left-radius:0px;}.kadence-column13_ad6abc-d4 > .kt-inside-inner-col{column-gap:var(--global-kb-gap-sm, 1rem);}.kadence-column13_ad6abc-d4 > .kt-inside-inner-col{flex-direction:column;justify-content:flex-start;}.kadence-column13_ad6abc-d4 > .kt-inside-inner-col > .aligncenter{width:100%;}.kt-row-column-wrap > .kadence-column13_ad6abc-d4{align-self:flex-start;}.kt-inner-column-height-full:not(.kt-has-1-columns) > .wp-block-kadence-column.kadence-column13_ad6abc-d4{align-self:auto;}.kt-inner-column-height-full:not(.kt-has-1-columns) > .wp-block-kadence-column.kadence-column13_ad6abc-d4 > .kt-inside-inner-col{flex-direction:column;justify-content:flex-start;}.kadence-column13_ad6abc-d4 > .kt-inside-inner-col:before{opacity:0.3;}.kadence-column13_ad6abc-d4{position:relative;}.kadence-column13_ad6abc-d4, .kt-inside-inner-col > .kadence-column13_ad6abc-d4:not(.specificity){margin-bottom:0px;}@media all and (max-width: 1024px){.kt-row-column-wrap > .kadence-column13_ad6abc-d4{align-self:flex-start;}}@media all and (max-width: 1024px){.kt-inner-column-height-full:not(.kt-has-1-columns) > .wp-block-kadence-column.kadence-column13_ad6abc-d4{align-self:auto;}}@media all and (max-width: 1024px){.kt-inner-column-height-full:not(.kt-has-1-columns) > .wp-block-kadence-column.kadence-column13_ad6abc-d4 > .kt-inside-inner-col{flex-direction:column;justify-content:flex-start;}}@media all and (max-width: 1024px){.kadence-column13_ad6abc-d4 > .kt-inside-inner-col{flex-direction:column;justify-content:flex-start;}}@media all and (max-width: 767px){.kt-row-column-wrap > .kadence-column13_ad6abc-d4{align-self:flex-start;}.kt-inner-column-height-full:not(.kt-has-1-columns) > .wp-block-kadence-column.kadence-column13_ad6abc-d4{align-self:auto;}.kt-inner-column-height-full:not(.kt-has-1-columns) > .wp-block-kadence-column.kadence-column13_ad6abc-d4 > .kt-inside-inner-col{flex-direction:column;justify-content:flex-start;}.kadence-column13_ad6abc-d4 > .kt-inside-inner-col{flex-direction:column;justify-content:flex-start;}}<\/style>\n<div class=\"wp-block-kadence-column kadence-column13_ad6abc-d4 kb-section-dir-vertical inner-column-2\"><div class=\"kt-inside-inner-col\"><style>.wp-block-kadence-advancedheading.kt-adv-heading13_347494-b5, .wp-block-kadence-advancedheading.kt-adv-heading13_347494-b5[data-kb-block=\"kb-adv-heading13_347494-b5\"]{padding-bottom:var(--global-kb-spacing-sm, 1.5rem);font-size:var(--global-kb-font-size-sm, 0.9rem);font-weight:400;font-style:normal;text-transform:uppercase;}.wp-block-kadence-advancedheading.kt-adv-heading13_347494-b5 mark.kt-highlight, .wp-block-kadence-advancedheading.kt-adv-heading13_347494-b5[data-kb-block=\"kb-adv-heading13_347494-b5\"] mark.kt-highlight{font-style:normal;color:#f76a0c;-webkit-box-decoration-break:clone;box-decoration-break:clone;padding-top:0px;padding-right:0px;padding-bottom:0px;padding-left:0px;}.wp-block-kadence-advancedheading.kt-adv-heading13_347494-b5 img.kb-inline-image, .wp-block-kadence-advancedheading.kt-adv-heading13_347494-b5[data-kb-block=\"kb-adv-heading13_347494-b5\"] img.kb-inline-image{width:150px;vertical-align:baseline;}<\/style>\n<div class=\"kt-adv-heading13_347494-b5 wp-block-kadence-advancedheading has-theme-palette-8-color has-text-color\" data-kb-block=\"kb-adv-heading13_347494-b5\"><\/div>\n\n\n<style>.wp-block-kadence-advancedheading.kt-adv-heading13_613a06-1f, .wp-block-kadence-advancedheading.kt-adv-heading13_613a06-1f[data-kb-block=\"kb-adv-heading13_613a06-1f\"]{padding-top:0px;padding-bottom:var(--global-kb-spacing-sm, 1.5rem);margin-top:0px;margin-bottom:0px;font-size:var(--global-kb-font-size-xl, 3rem);line-height:1;font-style:normal;}.wp-block-kadence-advancedheading.kt-adv-heading13_613a06-1f mark.kt-highlight, .wp-block-kadence-advancedheading.kt-adv-heading13_613a06-1f[data-kb-block=\"kb-adv-heading13_613a06-1f\"] mark.kt-highlight{font-style:normal;color:#f76a0c;-webkit-box-decoration-break:clone;box-decoration-break:clone;padding-top:0px;padding-right:0px;padding-bottom:0px;padding-left:0px;}.wp-block-kadence-advancedheading.kt-adv-heading13_613a06-1f img.kb-inline-image, .wp-block-kadence-advancedheading.kt-adv-heading13_613a06-1f[data-kb-block=\"kb-adv-heading13_613a06-1f\"] img.kb-inline-image{width:150px;vertical-align:baseline;}<\/style>\n<h1 class=\"kt-adv-heading13_613a06-1f wp-block-kadence-advancedheading has-theme-palette-9-color has-text-color\" data-kb-block=\"kb-adv-heading13_613a06-1f\">Pol\u00edtica de Privacidad<\/h1>\n\n\n<style>.wp-block-kadence-advancedheading.kt-adv-heading13_e227b2-71, .wp-block-kadence-advancedheading.kt-adv-heading13_e227b2-71[data-kb-block=\"kb-adv-heading13_e227b2-71\"]{padding-top:0px;padding-bottom:var(--global-kb-spacing-sm, 1.5rem);margin-top:0px;margin-bottom:0px;font-size:var(--global-kb-font-size-md, 1.25rem);font-style:normal;}.wp-block-kadence-advancedheading.kt-adv-heading13_e227b2-71 mark.kt-highlight, .wp-block-kadence-advancedheading.kt-adv-heading13_e227b2-71[data-kb-block=\"kb-adv-heading13_e227b2-71\"] mark.kt-highlight{font-style:normal;color:#f76a0c;-webkit-box-decoration-break:clone;box-decoration-break:clone;padding-top:0px;padding-right:0px;padding-bottom:0px;padding-left:0px;}.wp-block-kadence-advancedheading.kt-adv-heading13_e227b2-71 img.kb-inline-image, .wp-block-kadence-advancedheading.kt-adv-heading13_e227b2-71[data-kb-block=\"kb-adv-heading13_e227b2-71\"] img.kb-inline-image{width:150px;vertical-align:baseline;}<\/style>\n<p class=\"kt-adv-heading13_e227b2-71 wp-block-kadence-advancedheading has-theme-palette-8-color has-text-color\" data-kb-block=\"kb-adv-heading13_e227b2-71\"><\/p>\n<\/div><\/div>\n\n<\/div><\/div><style>.kb-row-layout-id13_f81688-b6 > .kt-row-column-wrap{align-content:start;}:where(.kb-row-layout-id13_f81688-b6 > .kt-row-column-wrap) > .wp-block-kadence-column{justify-content:start;}.kb-row-layout-id13_f81688-b6 > .kt-row-column-wrap{column-gap:var(--global-kb-gap-md, 2rem);row-gap:var(--global-kb-gap-md, 2rem);max-width:var( --global-content-width, 1290px );padding-left:var(--global-content-edge-padding);padding-right:var(--global-content-edge-padding);padding-top:var(--global-kb-spacing-sm, 1.5rem);padding-bottom:var(--global-kb-spacing-sm, 1.5rem);grid-template-columns:minmax(0, 1fr);}.kb-row-layout-id13_f81688-b6 > .kt-row-layout-overlay{opacity:0.30;}@media all and (max-width: 1024px){.kb-row-layout-id13_f81688-b6 > .kt-row-column-wrap{grid-template-columns:minmax(0, 1fr);}}@media all and (max-width: 767px){.kb-row-layout-id13_f81688-b6 > .kt-row-column-wrap{grid-template-columns:minmax(0, 1fr);}}<\/style><div class=\"kb-row-layout-wrap kb-row-layout-id13_f81688-b6 alignnone wp-block-kadence-rowlayout\"><div class=\"kt-row-column-wrap kt-has-1-columns kt-row-layout-equal kt-tab-layout-inherit kt-mobile-layout-row kt-row-valign-top kb-theme-content-width\">\n<style>.kadence-column13_81981f-ca > .kt-inside-inner-col,.kadence-column13_81981f-ca > .kt-inside-inner-col:before{border-top-left-radius:0px;border-top-right-radius:0px;border-bottom-right-radius:0px;border-bottom-left-radius:0px;}.kadence-column13_81981f-ca > .kt-inside-inner-col{column-gap:var(--global-kb-gap-sm, 1rem);}.kadence-column13_81981f-ca > .kt-inside-inner-col{flex-direction:column;}.kadence-column13_81981f-ca > .kt-inside-inner-col > .aligncenter{width:100%;}.kadence-column13_81981f-ca > .kt-inside-inner-col:before{opacity:0.3;}.kadence-column13_81981f-ca{position:relative;}@media all and (max-width: 1024px){.kadence-column13_81981f-ca > .kt-inside-inner-col{flex-direction:column;justify-content:center;}}@media all and (max-width: 767px){.kadence-column13_81981f-ca > .kt-inside-inner-col{flex-direction:column;justify-content:center;}}<\/style>\n<div class=\"wp-block-kadence-column kadence-column13_81981f-ca\"><div class=\"kt-inside-inner-col\">\n<p><em>Fecha de la \u00faltima modificaci\u00f3n: 11\/11\/2022<\/em><\/p>\n\n\n\n<h3 class=\"wp-block-heading\">1. \u00bfcu\u00e1l es el \u00e1mbito de la pol\u00edtica de privacidad de nuestro sitio web?<\/h3>\n\n\n\n<p>La pol\u00edtica de privacidad vigente en nuestro sitio web, propiedad de <strong>Como &#8211; Componentes De Mobili\u00e1rio, Lda<\/strong>, garantiza el respeto por la privacidad del Usuario, procesando sus datos personales de acuerdo con las leyes vigentes. Los datos recopilados no ser\u00e1n procesados con otras finalidades que no sean las descritas en los puntos siguientes. <\/p>\n\n\n\n<p>Nos reservamos el derecho de actualizar o modificar nuestra Pol\u00edtica de Privacidad en cualquier momento para cumplir con futuras modificaciones legislativas de las siguientes leyes y reglamentos:<\/p>\n\n\n\n<ul class=\"wp-block-list\">\n<li><a href=\"https:\/\/www.cnpd.pt\/bin\/legis\/nacional\/lei_6798.htm\" rel=\"noreferrer noopener\" target=\"_blank\">Ley de Protecci\u00f3n de Datos Personales de 26 de octubre de 1998 (Ley n.\u00ba 67\/98)<\/a>;<\/li>\n\n\n\n<li><a href=\"https:\/\/ec.europa.eu\/commission\/priorities\/justice-and-fundamental-rights\/data-protection\/2018-reform-eu-data-protection-rules_pt\" rel=\"noreferrer noopener\" target=\"_blank\">RGPD (Reglamento General de Protecci\u00f3n de Datos de la UE)<\/a> =&gt; Los datos recopilados est\u00e1n en conformidad con el RGPD;<\/li>\n<\/ul>\n\n\n\n<p><strong>Como &#8211; Componentes De Mobili\u00e1rio, Lda<\/strong> informar\u00e1 a los visitantes que hayan cedido o autorizado el uso de sus datos en caso de violaci\u00f3n de seguridad de los datos almacenados;<\/p>\n\n\n\n<h3 class=\"wp-block-heading\">2. \u00bfqu\u00e9 tipo de recopilaci\u00f3n de datos personales se realiza en nuestro sitio web?<\/h3>\n\n\n\n<ul class=\"wp-block-list\">\n<li><strong>Formularios<\/strong>: necesitamos recopilar el m\u00ednimo de datos personales que nos permita dar respuesta al contacto efectuado por el usuario, realizado a trav\u00e9s de nuestro formulario de contacto. Los datos recopilados (nombre, email, mensaje) son recibidos por nuestros servicios a trav\u00e9s de email, quedando alojados en un servidor localizado en la Uni\u00f3n Europea dentro de estrictos dispositivos de seguridad. <\/li>\n\n\n\n<li><strong>Cookies<\/strong>: Consulte tambi\u00e9n nuestra pol\u00edtica de <a href=\"https:\/\/como-lda.pt\/es\/politica-de-cookies\/\" class=\"ek-link\">Utilizaci\u00f3n de <\/a><a href=\"https:\/\/nutricealfoods.com\/politica-de-cookies\/\" class=\"ek-link\" target=\"_blank\" rel=\"noopener\">Cookies<\/a>.<\/li>\n\n\n\n<li><strong>Logs de seguridad:<\/strong> Se recopilan a nivel del servidor datos para registros de seguridad, m\u00e1s espec\u00edficamente cuando existen intentos de intrusi\u00f3n por exceso de intentos fallidos de login, siendo registrada la IP del dispositivo de origen que intent\u00f3 realizar el login. Este registro servir\u00e1 \u00fanicamente para bloquear futuros intentos, mejorando as\u00ed la seguridad de nuestro sitio web. <\/li>\n<\/ul>\n\n\n\n<p>Los datos recopilados en el formulario de nuestro sitio web se destinan exclusivamente al procesamiento de los contactos efectuados por los usuarios, y no ser\u00e1n usados para cualquier otro procesamiento.<\/p>\n\n\n\n<h3 class=\"wp-block-heading\">3. \u00bflos datos personales recopilados ser\u00e1n utilizados en marketing directo?<\/h3>\n\n\n\n<p>Sus datos personales no ser\u00e1n utilizados para enviarle cualquier correo no solicitado cuyo contenido no haya recibido su previo consentimiento expl\u00edcito. Sus datos no ser\u00e1n vendidos ni negociados con terceros. <\/p>\n\n\n\n<h3 class=\"wp-block-heading\">4. \u00bfqui\u00e9n tiene acceso a los datos personales recopilados?<\/h3>\n\n\n\n<p>El equipo de <strong>Como &#8211; Componentes De Mobili\u00e1rio, Lda<\/strong> se compromete a no divulgar a terceros cualesquiera datos personales de sus clientes\/usuarios, sin su consentimiento previo, excepto cuando tal sea exigido por ley.<\/p>\n\n\n\n<h3 class=\"wp-block-heading\">5. \u00bfdurante cu\u00e1nto tiempo se mantienen mis datos?<\/h3>\n\n\n\n<ul class=\"wp-block-list\">\n<li><strong>Formulario de contacto: <\/strong>los datos que solicitamos servir\u00e1n \u00fanicamente para dar seguimiento a su contacto siendo eliminados inmediatamente despu\u00e9s de terminado todo el ciclo de contacto establecido. Se mantendr\u00e1n los datos estrictamente necesarios en caso de que sea necesario realizar un seguimiento adicional a su contacto. No cederemos sus datos a terceros.  <\/li>\n<\/ul>\n\n\n\n<h3 class=\"wp-block-heading\">6. \u00bfd\u00f3nde se guardan los datos del usuario?<\/h3>\n\n\n\n<p>Los datos recopilados por el sitio web se almacenan en servidores localizados en la Uni\u00f3n Europea. Estos servidores est\u00e1n protegidos y mantenidos de acuerdo con los m\u00e1s elevados est\u00e1ndares de seguridad y de forma que respeten las leyes de privacidad aplicables. En caso de que desee ver su informaci\u00f3n modificada o eliminada de nuestra base de datos (ver punto 7).  <\/p>\n\n\n\n<h3 class=\"wp-block-heading\">7. \u00bfcu\u00e1les son mis derechos?<\/h3>\n\n\n\n<p>Como usuario de nuestro sitio tiene derecho a:<\/p>\n\n\n\n<ul class=\"wp-block-list\">\n<li><strong>informaci\u00f3n<\/strong> sobre el tratamiento de sus datos personales;<\/li>\n\n\n\n<li><strong>obtener acceso <\/strong>a los datos personales conservados que les conciernan;<\/li>\n\n\n\n<li>solicitar la <strong>correcci\u00f3n<\/strong> de datos personales incorrectos, inexactos o incompletos;<\/li>\n\n\n\n<li>solicitar la <strong>eliminaci\u00f3n de datos<\/strong> personales que ya no sean necesarios o en caso de que su tratamiento sea il\u00edcito;<\/li>\n\n\n\n<li><strong>oponerse<\/strong> al tratamiento de sus datos personales para efectos de comercializaci\u00f3n o por motivos que conciernan a su situaci\u00f3n espec\u00edfica;<\/li>\n\n\n\n<li>solicitar la <strong>limitaci\u00f3n<\/strong> del tratamiento de sus datos personales en casos espec\u00edficos;<\/li>\n\n\n\n<li>recibir sus datos personales en formato de lectura autom\u00e1tica y enviarlos a otro responsable del tratamiento (\u00ab<strong>portabilidad de los datos<\/strong>\u00bb);<\/li>\n\n\n\n<li>solicitar que las decisiones tomadas con base en <strong>tratamiento automatizado<\/strong> que les conciernan o que los afecten significativamente y que se basen en sus datos personales sean tomadas por personas f\u00edsicas y no \u00fanicamente por ordenadores. Tambi\u00e9n tiene el derecho, en este caso, de manifestar su punto de vista y de contestar la decisi\u00f3n. <\/li>\n<\/ul>\n\n\n\n<p>Podr\u00e1 ejercer estos derechos, contact\u00e1ndonos a trav\u00e9s de los siguientes medios:<\/p>\n\n\n\n<ul class=\"wp-block-list\">\n<li>Por carta dirigida a:<\/li>\n<\/ul>\n\n\n<style>.wp-block-kadence-advancedheading.kt-adv-heading13_81eee8-c7, .wp-block-kadence-advancedheading.kt-adv-heading13_81eee8-c7[data-kb-block=\"kb-adv-heading13_81eee8-c7\"]{text-align:left;font-style:normal;}.wp-block-kadence-advancedheading.kt-adv-heading13_81eee8-c7 mark.kt-highlight, .wp-block-kadence-advancedheading.kt-adv-heading13_81eee8-c7[data-kb-block=\"kb-adv-heading13_81eee8-c7\"] mark.kt-highlight{font-style:normal;color:#f76a0c;-webkit-box-decoration-break:clone;box-decoration-break:clone;padding-top:0px;padding-right:0px;padding-bottom:0px;padding-left:0px;}.wp-block-kadence-advancedheading.kt-adv-heading13_81eee8-c7 img.kb-inline-image, .wp-block-kadence-advancedheading.kt-adv-heading13_81eee8-c7[data-kb-block=\"kb-adv-heading13_81eee8-c7\"] img.kb-inline-image{width:150px;vertical-align:baseline;}<\/style>\n<p class=\"kt-adv-heading13_81eee8-c7 wp-block-kadence-advancedheading\" data-kb-block=\"kb-adv-heading13_81eee8-c7\"><strong>\n  <strong>Como &#8211; Componentes De Mobili\u00e1rio, Lda<\/strong>\n<\/strong><br\/>Zona Industrial de Barrosinhas<br\/>Edif. Masa, Pavilh\u00e3o 4<br\/>3750-772 \u00c1gueda, Portugal <\/p>\n\n\n\n<ul class=\"wp-block-list\">\n<li>Por email: <a href=\"mailto:geral@como.pt\" class=\"ek-link\">geral@como.pt<\/a> con el asunto [ELIMINAR]<br\/><\/li>\n\n\n\n<li>A trav\u00e9s de nuestro <a href=\"https:\/\/como-lda.pt\/es\/contactos\/\" class=\"ek-link\">formulario de contacto<\/a>.<\/li>\n<\/ul>\n\n\n\n<h3 class=\"wp-block-heading\">8. \u00bfse utilizan cookies en nuestro sitio web?<\/h3>\n\n\n\n<p>Consulte nuestra pol\u00edtica de <a href=\"https:\/\/como-lda.pt\/es\/politica-de-cookies\/\" class=\"ek-link\">Utilizaci\u00f3n de Cookies<\/a>.<\/p>\n\n\n\n<h3 class=\"wp-block-heading\">9. enlaces<\/h3>\n\n\n\n<p>En la presente p\u00e1gina web podr\u00e1n existir enlaces a p\u00e1ginas web de terceros. En esos casos, no nos responsabilizamos por las pol\u00edticas de privacidad que dichos terceros puedan haber implementado para proteger los datos de car\u00e1cter personal recopilados. Recomendamos que lea las pol\u00edticas de privacidad de dichas p\u00e1ginas web.  <\/p>\n\n\n\n<hr class=\"wp-block-separator has-alpha-channel-opacity\"\/>\n\n\n\n<p class=\"has-text-align-center\"><br\/><strong>La utilizaci\u00f3n de cualquier p\u00e1gina de nuestro sitio web presupone la aceptaci\u00f3n de esta nuestra pol\u00edtica de privacidad.<\/strong><\/p>\n<\/div><\/div>\n\n<\/div><\/div>","protected":false},"excerpt":{"rendered":"<p>Pol\u00edtica de Privacidad Fecha de la \u00faltima modificaci\u00f3n: 11\/11\/2022 1. \u00bfcu\u00e1l es el \u00e1mbito de la pol\u00edtica de privacidad de nuestro sitio web? La pol\u00edtica de privacidad vigente en nuestro sitio web, propiedad de Como &#8211; Componentes De Mobili\u00e1rio, Lda, garantiza el respeto por la privacidad del Usuario, procesando sus datos personales de acuerdo con&#8230;<\/p>\n","protected":false},"author":1,"featured_media":53,"parent":0,"menu_order":19,"comment_status":"closed","ping_status":"closed","template":"","meta":{"inline_featured_image":false,"_kad_post_transparent":"","_kad_post_title":"","_kad_post_layout":"","_kad_post_sidebar_id":"","_kad_post_content_style":"","_kad_post_vertical_padding":"","_kad_post_feature":"","_kad_post_feature_position":"","_kad_post_header":false,"_kad_post_footer":false,"_kad_post_classname":"","footnotes":""},"class_list":["post-2620","page","type-page","status-publish","has-post-thumbnail","hentry"],"_links":{"self":[{"href":"https:\/\/como-lda.pt\/es\/wp-json\/wp\/v2\/pages\/2620","targetHints":{"allow":["GET"]}}],"collection":[{"href":"https:\/\/como-lda.pt\/es\/wp-json\/wp\/v2\/pages"}],"about":[{"href":"https:\/\/como-lda.pt\/es\/wp-json\/wp\/v2\/types\/page"}],"author":[{"embeddable":true,"href":"https:\/\/como-lda.pt\/es\/wp-json\/wp\/v2\/users\/1"}],"replies":[{"embeddable":true,"href":"https:\/\/como-lda.pt\/es\/wp-json\/wp\/v2\/comments?post=2620"}],"version-history":[{"count":1,"href":"https:\/\/como-lda.pt\/es\/wp-json\/wp\/v2\/pages\/2620\/revisions"}],"predecessor-version":[{"id":2621,"href":"https:\/\/como-lda.pt\/es\/wp-json\/wp\/v2\/pages\/2620\/revisions\/2621"}],"wp:featuredmedia":[{"embeddable":true,"href":"https:\/\/como-lda.pt\/es\/wp-json\/wp\/v2\/media\/53"}],"wp:attachment":[{"href":"https:\/\/como-lda.pt\/es\/wp-json\/wp\/v2\/media?parent=2620"}],"curies":[{"name":"wp","href":"https:\/\/api.w.org\/{rel}","templated":true}]}}